{"id":3,"date":"2021-12-07T15:42:00","date_gmt":"2021-12-07T14:42:00","guid":{"rendered":"https:\/\/wicked-flurfunk.podcaster.de\/podcasts\/"},"modified":"2021-12-07T19:18:11","modified_gmt":"2021-12-07T18:18:11","slug":"wickedflurfunk","status":"publish","type":"page","link":"https:\/\/wicked-flurfunk.podcaster.de\/index.php\/wickedflurfunk\/","title":{"rendered":"Wicked Flurfunk"},"content":{"rendered":"\n<p class=\"has-white-color has-text-color\">Herzlich willkommen beim WICKED FLURFUNK, eurem Film-Podcast f\u00fcr Vision\u00e4re, pr\u00e4sentiert von Wicked Vision, dem Filmvertrieb der etwas anderen Art.<\/p>\n\n\n\n<p class=\"has-white-color has-text-color\">Aktuell bieten wir euch zwei Formate:<\/p>\n\n\n\n<p class=\"has-white-color has-text-color\">\u201eTRITTBRETTFAHRER + RAUMSPRAY\u201c ist ein Podcast f\u00fcr Genre-Fans, Sammler und allen, die schon immer wissen wollten, was Label-Chefs so in ihrer &#8222;Freizeit&#8220; machen.<br>Daniel Per\u00e9e seines Zeichen Gesch\u00e4ftsf\u00fchrer bei der Wicked Vision Distribution GmbH und Tino Zimmermann, Label-Chef von Subkultur Entertainment im Schlagabtausch. Ein Blick hinter die Kulissen der deutschen Home-Video-Branche, aber nicht nur!<\/p>\n\n\n\n<p class=\"has-white-color has-text-color\">\u201ePAUSENGESPR\u00c4CHE\u201c ist der offizielle Wicked-Vision-Podcast mit Mastermind Daniel Per\u00e9e und Produkt-Manager Laurent Ohmansiek. Ein weiterer Blick hinter die Kulissen der deutschen Home-Video-Branche und speziell auf die Projekte des Labels.<\/p>\n\n\n\n<figure class=\"wp-block-image size-large is-style-default\"><img loading=\"lazy\" decoding=\"async\" width=\"1024\" height=\"1024\" src=\"https:\/\/wicked-flurfunk.podcaster.de\/files\/2021\/12\/Wicked-FlurFunk-3-Kopie-1024x1024.jpg\" alt=\"\" class=\"wp-image-19\" srcset=\"https:\/\/wicked-flurfunk.podcaster.de\/files\/2021\/12\/Wicked-FlurFunk-3-Kopie-1024x1024.jpg 1024w, https:\/\/wicked-flurfunk.podcaster.de\/files\/2021\/12\/Wicked-FlurFunk-3-Kopie-300x300.jpg 300w, https:\/\/wicked-flurfunk.podcaster.de\/files\/2021\/12\/Wicked-FlurFunk-3-Kopie-150x150.jpg 150w, https:\/\/wicked-flurfunk.podcaster.de\/files\/2021\/12\/Wicked-FlurFunk-3-Kopie-768x768.jpg 768w, https:\/\/wicked-flurfunk.podcaster.de\/files\/2021\/12\/Wicked-FlurFunk-3-Kopie-1536x1536.jpg 1536w, https:\/\/wicked-flurfunk.podcaster.de\/files\/2021\/12\/Wicked-FlurFunk-3-Kopie-640x640.jpg 640w, https:\/\/wicked-flurfunk.podcaster.de\/files\/2021\/12\/Wicked-FlurFunk-3-Kopie-720x720.jpg 720w, https:\/\/wicked-flurfunk.podcaster.de\/files\/2021\/12\/Wicked-FlurFunk-3-Kopie-70x70.jpg 70w, https:\/\/wicked-flurfunk.podcaster.de\/files\/2021\/12\/Wicked-FlurFunk-3-Kopie-80x80.jpg 80w, https:\/\/wicked-flurfunk.podcaster.de\/files\/2021\/12\/Wicked-FlurFunk-3-Kopie.jpg 1900w\" sizes=\"auto, (max-width: 1024px) 100vw, 1024px\" \/><\/figure>\n","protected":false},"excerpt":{"rendered":"<p>Herzlich willkommen beim WICKED FLURFUNK, eurem Film-Podcast f\u00fcr Vision\u00e4re, pr\u00e4sentiert von Wicked Vision, dem Filmvertrieb der etwas anderen Art. Aktuell bieten wir euch zwei Formate: \u201eTRITTBRETTFAHRER + RAUMSPRAY\u201c ist ein<\/p>\n<p class=\"more-link\"><a href=\"https:\/\/wicked-flurfunk.podcaster.de\/index.php\/wickedflurfunk\/\" class=\"readmore\">Continue reading<span class=\"screen-reader-text\">Wicked Flurfunk<\/span><\/a><\/p>\n","protected":false},"author":12859,"featured_media":0,"parent":0,"menu_order":1,"comment_status":"closed","ping_status":"closed","template":"","meta":{"enclosure":"","podcast_author":"","podcast_copyright":"","podcast_website":"","podcast_logo":"","footnotes":""},"class_list":["post-3","page","type-page","status-publish","hentry"],"jetpack_sharing_enabled":true,"_links":{"self":[{"href":"https:\/\/wicked-flurfunk.podcaster.de\/index.php\/wp-json\/wp\/v2\/pages\/3","targetHints":{"allow":["GET"]}}],"collection":[{"href":"https:\/\/wicked-flurfunk.podcaster.de\/index.php\/wp-json\/wp\/v2\/pages"}],"about":[{"href":"https:\/\/wicked-flurfunk.podcaster.de\/index.php\/wp-json\/wp\/v2\/types\/page"}],"author":[{"embeddable":true,"href":"https:\/\/wicked-flurfunk.podcaster.de\/index.php\/wp-json\/wp\/v2\/users\/12859"}],"replies":[{"embeddable":true,"href":"https:\/\/wicked-flurfunk.podcaster.de\/index.php\/wp-json\/wp\/v2\/comments?post=3"}],"version-history":[{"count":8,"href":"https:\/\/wicked-flurfunk.podcaster.de\/index.php\/wp-json\/wp\/v2\/pages\/3\/revisions"}],"predecessor-version":[{"id":86,"href":"https:\/\/wicked-flurfunk.podcaster.de\/index.php\/wp-json\/wp\/v2\/pages\/3\/revisions\/86"}],"wp:attachment":[{"href":"https:\/\/wicked-flurfunk.podcaster.de\/index.php\/wp-json\/wp\/v2\/media?parent=3"}],"curies":[{"name":"wp","href":"https:\/\/api.w.org\/{rel}","templated":true}]}}